{"id":82,"date":"2024-03-12T13:47:25","date_gmt":"2024-03-12T13:47:25","guid":{"rendered":"https:\/\/niklavsparolis.id.lv\/?page_id=82"},"modified":"2024-09-30T23:12:13","modified_gmt":"2024-09-30T23:12:13","slug":"news","status":"publish","type":"page","link":"https:\/\/niklavsparolis.id.lv\/lv\/news\/","title":{"rendered":"Jaunumi"},"content":{"rendered":"<div data-elementor-type=\"wp-page\" data-elementor-id=\"82\" class=\"elementor elementor-82\" data-elementor-post-type=\"page\">\n\t\t\t\t<div class=\"elementor-element elementor-element-6cb2fec e-flex e-con-boxed e-con e-parent\" data-id=\"6cb2fec\" data-element_type=\"container\">\n\t\t\t\t\t<div class=\"e-con-inner\">\n\t\t\t\t<div class=\"elementor-element elementor-element-4f442d8 elementor-widget elementor-widget-heading\" data-id=\"4f442d8\" data-element_type=\"widget\" data-widget_type=\"heading.default\">\n\t\t\t\t<div class=\"elementor-widget-container\">\n\t\t\t\t\t<h2 class=\"elementor-heading-title elementor-size-default\">Jaunumi<\/h2>\t\t\t\t<\/div>\n\t\t\t\t<\/div>\n\t\t\t\t<div class=\"elementor-element elementor-element-051c784 elementor-posts--thumbnail-top elementor-grid-3 elementor-grid-tablet-2 elementor-grid-mobile-1 elementor-widget elementor-widget-posts\" data-id=\"051c784\" data-element_type=\"widget\" data-settings=\"{&quot;custom_columns&quot;:&quot;3&quot;,&quot;custom_columns_tablet&quot;:&quot;2&quot;,&quot;custom_columns_mobile&quot;:&quot;1&quot;,&quot;custom_row_gap&quot;:{&quot;unit&quot;:&quot;px&quot;,&quot;size&quot;:35,&quot;sizes&quot;:[]},&quot;custom_row_gap_tablet&quot;:{&quot;unit&quot;:&quot;px&quot;,&quot;size&quot;:&quot;&quot;,&quot;sizes&quot;:[]},&quot;custom_row_gap_mobile&quot;:{&quot;unit&quot;:&quot;px&quot;,&quot;size&quot;:&quot;&quot;,&quot;sizes&quot;:[]}}\" data-widget_type=\"posts.custom\">\n\t\t\t\t<div class=\"elementor-widget-container\">\n\t\t\t\t\t      <div class=\"ecs-posts elementor-posts-container elementor-posts   elementor-grid elementor-posts--skin-custom\" data-settings=\"{&quot;current_page&quot;:1,&quot;max_num_pages&quot;:1,&quot;load_method&quot;:&quot;lazyload&quot;,&quot;widget_id&quot;:&quot;051c784&quot;,&quot;post_id&quot;:82,&quot;theme_id&quot;:82,&quot;change_url&quot;:false,&quot;reinit_js&quot;:false}\">\n      \t\t<article id=\"post-681\" class=\"elementor-post elementor-grid-item ecs-post-loop post-681 post type-post status-publish format-standard has-post-thumbnail hentry category-blog\">\n\t\t\t\t<div data-elementor-type=\"loop\" data-elementor-id=\"214\" class=\"elementor elementor-214 post-681 post type-post status-publish format-standard has-post-thumbnail hentry category-blog\" data-elementor-post-type=\"elementor_library\">\n\t\t\t<div class=\"elementor-element elementor-element-4bf25cc e-flex e-con-boxed e-con e-parent\" data-id=\"4bf25cc\" data-element_type=\"container\">\n\t\t\t\t\t<div class=\"e-con-inner\">\n\t\t<style>#post-681 .elementor-214 .elementor-element.elementor-element-27e04bc:not(.elementor-motion-effects-element-type-background), #post-681 .elementor-214 .elementor-element.elementor-element-27e04bc > .elementor-motion-effects-container > .elementor-motion-effects-layer{background-image: url(\"https:\/\/niklavsparolis.id.lv\/wp-content\/uploads\/2025\/12\/530695367_18519992413057957_857927369094552308_n.jpg\");}<\/style><a class=\"elementor-element elementor-element-27e04bc e-flex e-con-boxed e-con e-child\" data-id=\"27e04bc\" data-element_type=\"container\" data-settings=\"{&quot;background_background&quot;:&quot;classic&quot;}\" href=\"https:\/\/niklavsparolis.id.lv\/lv\/2025-season\/\">\n\t\t\t\t\t<div class=\"e-con-inner\">\n\t\t\t\t\t<\/div>\n\t\t\t\t<\/a>\n\t\t\t\t<div class=\"elementor-element elementor-element-87fb5bd elementor-widget elementor-widget-theme-post-title elementor-page-title elementor-widget-heading\" data-id=\"87fb5bd\" data-element_type=\"widget\" data-widget_type=\"theme-post-title.default\">\n\t\t\t\t<div class=\"elementor-widget-container\">\n\t\t\t\t\t<h3 class=\"elementor-heading-title elementor-size-default\"><a href=\"https:\/\/niklavsparolis.id.lv\/lv\/2025-season\/\">2025. season<\/a><\/h3>\t\t\t\t<\/div>\n\t\t\t\t<\/div>\n\t\t\t\t\t<\/div>\n\t\t\t\t<\/div>\n\t\t\t\t<\/div>\n\t\t\t\t<\/article>\n\t\t\t\t<article id=\"post-410\" class=\"elementor-post elementor-grid-item ecs-post-loop post-410 post type-post status-publish format-standard has-post-thumbnail hentry category-blog\">\n\t\t\t\t<div data-elementor-type=\"loop\" data-elementor-id=\"214\" class=\"elementor elementor-214 post-410 post type-post status-publish format-standard has-post-thumbnail hentry category-blog\" data-elementor-post-type=\"elementor_library\">\n\t\t\t<div class=\"elementor-element elementor-element-4bf25cc e-flex e-con-boxed e-con e-parent\" data-id=\"4bf25cc\" data-element_type=\"container\">\n\t\t\t\t\t<div class=\"e-con-inner\">\n\t\t<style>#post-410 .elementor-214 .elementor-element.elementor-element-27e04bc:not(.elementor-motion-effects-element-type-background), #post-410 .elementor-214 .elementor-element.elementor-element-27e04bc > .elementor-motion-effects-container > .elementor-motion-effects-layer{background-image: url(\"https:\/\/niklavsparolis.id.lv\/wp-content\/uploads\/2025\/01\/DSC_4782-scaled.jpg\");}<\/style><a class=\"elementor-element elementor-element-27e04bc e-flex e-con-boxed e-con e-child\" data-id=\"27e04bc\" data-element_type=\"container\" data-settings=\"{&quot;background_background&quot;:&quot;classic&quot;}\" href=\"https:\/\/niklavsparolis.id.lv\/lv\/looking-back-to-2024-season\/\">\n\t\t\t\t\t<div class=\"e-con-inner\">\n\t\t\t\t\t<\/div>\n\t\t\t\t<\/a>\n\t\t\t\t<div class=\"elementor-element elementor-element-87fb5bd elementor-widget elementor-widget-theme-post-title elementor-page-title elementor-widget-heading\" data-id=\"87fb5bd\" data-element_type=\"widget\" data-widget_type=\"theme-post-title.default\">\n\t\t\t\t<div class=\"elementor-widget-container\">\n\t\t\t\t\t<h3 class=\"elementor-heading-title elementor-size-default\"><a href=\"https:\/\/niklavsparolis.id.lv\/lv\/looking-back-to-2024-season\/\">Atskatoties uz 2024. gada sezonu<\/a><\/h3>\t\t\t\t<\/div>\n\t\t\t\t<\/div>\n\t\t\t\t\t<\/div>\n\t\t\t\t<\/div>\n\t\t\t\t<\/div>\n\t\t\t\t<\/article>\n\t\t\t\t<article id=\"post-406\" class=\"elementor-post elementor-grid-item ecs-post-loop post-406 post type-post status-publish format-standard has-post-thumbnail hentry category-blog\">\n\t\t\t\t<div data-elementor-type=\"loop\" data-elementor-id=\"214\" class=\"elementor elementor-214 post-406 post type-post status-publish format-standard has-post-thumbnail hentry category-blog\" data-elementor-post-type=\"elementor_library\">\n\t\t\t<div class=\"elementor-element elementor-element-4bf25cc e-flex e-con-boxed e-con e-parent\" data-id=\"4bf25cc\" data-element_type=\"container\">\n\t\t\t\t\t<div class=\"e-con-inner\">\n\t\t<style>#post-406 .elementor-214 .elementor-element.elementor-element-27e04bc:not(.elementor-motion-effects-element-type-background), #post-406 .elementor-214 .elementor-element.elementor-element-27e04bc > .elementor-motion-effects-container > .elementor-motion-effects-layer{background-image: url(\"https:\/\/niklavsparolis.id.lv\/wp-content\/uploads\/2025\/01\/ROZ2627-scaled.jpeg\");}<\/style><a class=\"elementor-element elementor-element-27e04bc e-flex e-con-boxed e-con e-child\" data-id=\"27e04bc\" data-element_type=\"container\" data-settings=\"{&quot;background_background&quot;:&quot;classic&quot;}\" href=\"https:\/\/niklavsparolis.id.lv\/lv\/world-championship-3rd-4th-rounds-in-klaipeda\/\">\n\t\t\t\t\t<div class=\"e-con-inner\">\n\t\t\t\t\t<\/div>\n\t\t\t\t<\/a>\n\t\t\t\t<div class=\"elementor-element elementor-element-87fb5bd elementor-widget elementor-widget-theme-post-title elementor-page-title elementor-widget-heading\" data-id=\"87fb5bd\" data-element_type=\"widget\" data-widget_type=\"theme-post-title.default\">\n\t\t\t\t<div class=\"elementor-widget-container\">\n\t\t\t\t\t<h3 class=\"elementor-heading-title elementor-size-default\"><a href=\"https:\/\/niklavsparolis.id.lv\/lv\/world-championship-3rd-4th-rounds-in-klaipeda\/\">Pasaules \u010dempion\u0101ta 3. &amp; 4. posmi Klaip\u0113d\u0101<\/a><\/h3>\t\t\t\t<\/div>\n\t\t\t\t<\/div>\n\t\t\t\t\t<\/div>\n\t\t\t\t<\/div>\n\t\t\t\t<\/div>\n\t\t\t\t<\/article>\n\t\t\t\t<article id=\"post-218\" class=\"elementor-post elementor-grid-item ecs-post-loop post-218 post type-post status-publish format-standard has-post-thumbnail hentry category-blog\">\n\t\t\t\t<div data-elementor-type=\"loop\" data-elementor-id=\"214\" class=\"elementor elementor-214 post-218 post type-post status-publish format-standard has-post-thumbnail hentry category-blog\" data-elementor-post-type=\"elementor_library\">\n\t\t\t<div class=\"elementor-element elementor-element-4bf25cc e-flex e-con-boxed e-con e-parent\" data-id=\"4bf25cc\" data-element_type=\"container\">\n\t\t\t\t\t<div class=\"e-con-inner\">\n\t\t<style>#post-218 .elementor-214 .elementor-element.elementor-element-27e04bc:not(.elementor-motion-effects-element-type-background), #post-218 .elementor-214 .elementor-element.elementor-element-27e04bc > .elementor-motion-effects-container > .elementor-motion-effects-layer{background-image: url(\"https:\/\/niklavsparolis.id.lv\/wp-content\/uploads\/2024\/03\/IMG_2520-scaled.jpeg\");}<\/style><a class=\"elementor-element elementor-element-27e04bc e-flex e-con-boxed e-con e-child\" data-id=\"27e04bc\" data-element_type=\"container\" data-settings=\"{&quot;background_background&quot;:&quot;classic&quot;}\" href=\"https:\/\/niklavsparolis.id.lv\/lv\/new-boat-new-opportunities\/\">\n\t\t\t\t\t<div class=\"e-con-inner\">\n\t\t\t\t\t<\/div>\n\t\t\t\t<\/a>\n\t\t\t\t<div class=\"elementor-element elementor-element-87fb5bd elementor-widget elementor-widget-theme-post-title elementor-page-title elementor-widget-heading\" data-id=\"87fb5bd\" data-element_type=\"widget\" data-widget_type=\"theme-post-title.default\">\n\t\t\t\t<div class=\"elementor-widget-container\">\n\t\t\t\t\t<h3 class=\"elementor-heading-title elementor-size-default\"><a href=\"https:\/\/niklavsparolis.id.lv\/lv\/new-boat-new-opportunities\/\">New boat, new opportunities<\/a><\/h3>\t\t\t\t<\/div>\n\t\t\t\t<\/div>\n\t\t\t\t\t<\/div>\n\t\t\t\t<\/div>\n\t\t\t\t<\/div>\n\t\t\t\t<\/article>\n\t\t\t\t<\/div>\n\t\t\t\t\t\t<\/div>\n\t\t\t\t<\/div>\n\t\t\t\t\t<\/div>\n\t\t\t\t<\/div>\n\t\t\t\t<\/div>","protected":false},"excerpt":{"rendered":"<p>Jaunumi<\/p>","protected":false},"author":1,"featured_media":0,"parent":0,"menu_order":0,"comment_status":"closed","ping_status":"closed","template":"elementor_header_footer","meta":{"_acf_changed":false,"footnotes":""},"class_list":["post-82","page","type-page","status-publish","hentry"],"acf":[],"_links":{"self":[{"href":"https:\/\/niklavsparolis.id.lv\/lv\/wp-json\/wp\/v2\/pages\/82","targetHints":{"allow":["GET"]}}],"collection":[{"href":"https:\/\/niklavsparolis.id.lv\/lv\/wp-json\/wp\/v2\/pages"}],"about":[{"href":"https:\/\/niklavsparolis.id.lv\/lv\/wp-json\/wp\/v2\/types\/page"}],"author":[{"embeddable":true,"href":"https:\/\/niklavsparolis.id.lv\/lv\/wp-json\/wp\/v2\/users\/1"}],"replies":[{"embeddable":true,"href":"https:\/\/niklavsparolis.id.lv\/lv\/wp-json\/wp\/v2\/comments?post=82"}],"version-history":[{"count":13,"href":"https:\/\/niklavsparolis.id.lv\/lv\/wp-json\/wp\/v2\/pages\/82\/revisions"}],"predecessor-version":[{"id":385,"href":"https:\/\/niklavsparolis.id.lv\/lv\/wp-json\/wp\/v2\/pages\/82\/revisions\/385"}],"wp:attachment":[{"href":"https:\/\/niklavsparolis.id.lv\/lv\/wp-json\/wp\/v2\/media?parent=82"}],"curies":[{"name":"wp","href":"https:\/\/api.w.org\/{rel}","templated":true}]}}